{"id":3281,"date":"2021-03-01T11:45:01","date_gmt":"2021-03-01T10:45:01","guid":{"rendered":"https:\/\/hemerapharma.com\/privacy-policy\/"},"modified":"2023-05-28T12:23:01","modified_gmt":"2023-05-28T10:23:01","slug":"privacy-policy","status":"publish","type":"page","link":"https:\/\/hemerapharma.com\/en\/privacy-policy\/","title":{"rendered":"Privacy Policy"},"content":{"rendered":"<p>[et_pb_section fb_built=&#8221;1&#8243; disabled_on=&#8221;off|off|off&#8221; _builder_version=&#8221;4.18.0&#8243; _module_preset=&#8221;default&#8221; background_enable_color=&#8221;off&#8221; use_background_color_gradient=&#8221;on&#8221; background_color_gradient_direction=&#8221;360deg&#8221; background_color_gradient_stops=&#8221;rgba(0,168,180,0.74) 0%|#0098a5 100%&#8221; background_color_gradient_overlays_image=&#8221;on&#8221; background_image=&#8221;https:\/\/hemerapharma.com\/wp-content\/uploads\/2022\/09\/hemera_2.jpg&#8221; background_enable_video_mp4=&#8221;off&#8221; custom_padding=&#8221;0px||0px||false|false&#8221; locked=&#8221;off&#8221; global_colors_info=&#8221;{}&#8221;][et_pb_row use_custom_gutter=&#8221;on&#8221; gutter_width=&#8221;1&#8243; make_equal=&#8221;on&#8221; padding_top_bottom_link_1=&#8221;true&#8221; padding_top_bottom_link_2=&#8221;true&#8221; padding_left_right_link_1=&#8221;true&#8221; padding_left_right_link_2=&#8221;true&#8221; _builder_version=&#8221;4.18.0&#8243; background_enable_color=&#8221;off&#8221; locked=&#8221;off&#8221; global_colors_info=&#8221;{}&#8221;][et_pb_column type=&#8221;4_4&#8243; _builder_version=&#8221;4.16&#8243; background_enable_color=&#8221;off&#8221; custom_padding=&#8221;35px|30px|35px|30px&#8221; global_colors_info=&#8221;{}&#8221; custom_padding__hover=&#8221;|||&#8221;][et_pb_text _builder_version=&#8221;4.18.0&#8243; _module_preset=&#8221;default&#8221; header_text_align=&#8221;center&#8221; header_font_size=&#8221;42px&#8221; header_line_height=&#8221;1.2em&#8221; header_3_text_align=&#8221;center&#8221; text_orientation=&#8221;center&#8221; background_layout=&#8221;dark&#8221; custom_margin=&#8221;0px||0px||false|false&#8221; header_font_size_tablet=&#8221;35px&#8221; header_font_size_phone=&#8221;30px&#8221; header_font_size_last_edited=&#8221;on|desktop&#8221; header_3_font_size_tablet=&#8221;25px&#8221; header_3_font_size_phone=&#8221;20px&#8221; header_3_font_size_last_edited=&#8221;on|tablet&#8221; locked=&#8221;off&#8221; global_colors_info=&#8221;{}&#8221;]<\/p>\n<h1 style=\"text-align: center;\">Privacy policy<\/h1>\n<p>[\/et_pb_text][\/et_pb_column][\/et_pb_row][\/et_pb_section][et_pb_section fb_built=&#8221;1&#8243; admin_label=&#8221;section&#8221; module_id=&#8221;Board-Directors&#8221; _builder_version=&#8221;4.18.0&#8243; background_color=&#8221;#f7f7f7&#8243; background_enable_image=&#8221;off&#8221; global_colors_info=&#8221;{}&#8221;][et_pb_row make_equal=&#8221;on&#8221; custom_padding_last_edited=&#8221;on|tablet&#8221; admin_label=&#8221;row&#8221; _builder_version=&#8221;4.18.0&#8243; background_color=&#8221;#FFFFFF&#8221; transform_translate=&#8221;1px|0px&#8221; transform_translate_linked=&#8221;off&#8221; custom_margin=&#8221;||3%||false|false&#8221; custom_padding=&#8221;3%|3%|3%|3%|true|true&#8221; custom_padding_tablet=&#8221;5%|5%|5%|5%|true|true&#8221; custom_padding_phone=&#8221;5%|5%|5%|5%|true|true&#8221; animation_style=&#8221;flip&#8221; global_colors_info=&#8221;{}&#8221;][et_pb_column type=&#8221;4_4&#8243; _builder_version=&#8221;4.16&#8243; custom_padding=&#8221;|||&#8221; global_colors_info=&#8221;{}&#8221; custom_padding__hover=&#8221;|||&#8221;][et_pb_code _builder_version=&#8221;4.19.5&#8243; _module_preset=&#8221;default&#8221; global_colors_info=&#8221;{}&#8221;]<a href=\"https:\/\/www.iubenda.com\/privacy-policy\/12737623\" class=\"iubenda-white no-brand iubenda-noiframe iubenda-embed iubenda-noiframe iub-body-embed\" title=\"Privacy Policy\" target=\"_blank\" rel=\"noopener\">Privacy Policy<\/a><script type=\"text\/javascript\">(function (w,d) {var loader = function () {var s = d.createElement(\"script\"), tag = d.getElementsByTagName(\"script\")[0]; s.src=\"https:\/\/cdn.iubenda.com\/iubenda.js\"; tag.parentNode.insertBefore(s,tag);}; if(w.addEventListener){w.addEventListener(\"load\", loader, false);}else if(w.attachEvent){w.attachEvent(\"onload\", loader);}else{w.onload = loader;}})(window, document);<\/script>[\/et_pb_code][\/et_pb_column][\/et_pb_row][\/et_pb_section][et_pb_section fb_built=&#8221;1&#8243; disabled_on=&#8221;off|off|off&#8221; admin_label=&#8221;CTA Section&#8221; _builder_version=&#8221;4.18.0&#8243; background_color=&#8221;#00a8b4&#8243; custom_padding=&#8221;28px||28px|&#8221; animation_style=&#8221;fade&#8221; saved_tabs=&#8221;all&#8221; locked=&#8221;off&#8221; global_colors_info=&#8221;{}&#8221;][et_pb_row column_structure=&#8221;3_4,1_4&#8243; use_custom_gutter=&#8221;on&#8221; make_equal=&#8221;on&#8221; admin_label=&#8221;CTA Area&#8221; _builder_version=&#8221;4.18.0&#8243; custom_margin=&#8221;||1%||false|false&#8221; custom_padding=&#8221;0px||0px|&#8221; global_colors_info=&#8221;{}&#8221;][et_pb_column type=&#8221;3_4&#8243; module_class=&#8221;iq-centra-verticale&#8221; _builder_version=&#8221;4.18.0&#8243; custom_padding=&#8221;|||&#8221; global_colors_info=&#8221;{}&#8221; custom_padding__hover=&#8221;|||&#8221;][et_pb_text _builder_version=&#8221;4.18.1&#8243; _module_preset=&#8221;default&#8221; text_font=&#8221;|700|||||||&#8221; text_font_size=&#8221;30px&#8221; text_line_height=&#8221;1.4em&#8221; header_text_align=&#8221;center&#8221; header_2_font_size=&#8221;38px&#8221; header_3_text_align=&#8221;center&#8221; text_orientation=&#8221;center&#8221; background_layout=&#8221;dark&#8221; module_alignment=&#8221;center&#8221; custom_margin=&#8221;||||false|false&#8221; text_font_size_tablet=&#8221;28px&#8221; text_font_size_phone=&#8221;26px&#8221; text_font_size_last_edited=&#8221;on|phone&#8221; header_3_font_size_tablet=&#8221;25px&#8221; header_3_font_size_phone=&#8221;20px&#8221; header_3_font_size_last_edited=&#8221;on|tablet&#8221; locked=&#8221;off&#8221; global_colors_info=&#8221;{}&#8221;]<\/p>\n<p style=\"text-align: center;\"><strong>Rimani aggiornato sulle attivit\u00e0 di Hemera con la nostra Newsletter.<\/strong><\/p>\n<p>[\/et_pb_text][\/et_pb_column][et_pb_column type=&#8221;1_4&#8243; _builder_version=&#8221;4.16&#8243; custom_padding=&#8221;|||&#8221; global_colors_info=&#8221;{}&#8221; custom_padding__hover=&#8221;|||&#8221;][et_pb_button button_url=&#8221;https:\/\/hemerapharma.com\/en\/contatti\/#compila-modulo&#8221; button_text=&#8221;Subscribe&#8221; button_alignment=&#8221;center&#8221; button_alignment_tablet=&#8221;center&#8221; button_alignment_phone=&#8221;center&#8221; button_alignment_last_edited=&#8221;on|phone&#8221; _builder_version=&#8221;4.19.4&#8243; _module_preset=&#8221;default&#8221; custom_button=&#8221;on&#8221; button_text_color=&#8221;#000000&#8243; button_bg_color=&#8221;#fdc82f&#8221; button_border_width=&#8221;0px&#8221; button_border_radius=&#8221;100px&#8221; button_font=&#8221;Sarabun|600|||||||&#8221; background_layout=&#8221;dark&#8221; custom_padding=&#8221;15px|52px|15px|52px|true|true&#8221; animation_style=&#8221;slide&#8221; locked=&#8221;off&#8221; global_colors_info=&#8221;{}&#8221; button_bg_color__hover_enabled=&#8221;on|desktop&#8221; button_bg_color__hover=&#8221;#fdc82f&#8221;][\/et_pb_button][\/et_pb_column][\/et_pb_row][\/et_pb_section]<\/p>\n","protected":false},"excerpt":{"rendered":"<p>Privacy policyRimani aggiornato sulle attivit\u00e0 di Hemera con la nostra Newsletter.<\/p>\n","protected":false},"author":1,"featured_media":0,"parent":0,"menu_order":0,"comment_status":"closed","ping_status":"closed","template":"","meta":{"_acf_changed":false,"_et_pb_use_builder":"on","_et_pb_old_content":"<h2>Privacy policy \u2013 Informativa per il trattamento dei dati personali<\/h2><p>Ai sensi dell\u2019articolo 13 del D.Lgs. 196\/2003 definito \u201cCodice in materia di dati personali\u201d si informa che il trattamento dei dati personali, finalizzato unicamente a fornire informazioni commerciali sui nostri servizi per adempiere a Sue specifiche richieste, avverr\u00e0 presso <strong>NOME AZIENDA<\/strong> con <strong>SEDE<\/strong> <strong>A<\/strong>, di seguito definito Titolare, con l\u2019utilizzo di procedure anche informatizzate, nei modi e nei limiti necessari per perseguire le predette finalit\u00e0. I dati fornitici saranno trattati nel rispetto della norma sopra richiamata, rispondendo agli obblighi di riservatezza e liceit\u00e0 a cui \u00e8 ispirata la nostra societ\u00e0 e per il tempo strettamente necessario per cui sono stati raccolti; inoltre i dati non saranno oggetto di diffusione. I Vostri dati, per motivi strettamente professionali e allo scopo di svolgere al meglio il nostro servizio, potranno essere comunicati a nostri collaboratori interni o esterni comunque da noi incaricati per la soddisfazione delle richieste.<\/p><p>Il conferimento dei dati \u00e8 obbligatorio per l\u2019esatta esecuzione degli obblighi contrattuali e precontrattuali, e la loro mancata indicazione comporta l\u2019impossibilit\u00e0 di portare a termine in maniera esatta l\u2019adempimento delle richieste, oltre che l\u2019impossibilit\u00e0 di essere tempestivamente aggiornati sui nuovi prodotti e servizi offerti dalla nostra societ\u00e0.<\/p><p>Il Sito pu\u00f2 contenere collegamenti testuali (i \u201clink\u201d) ad altri siti web esterni che non dipendono dal Sito medesimo n\u00e9 sono in alcun modo riconducibili allo stesso. I siti ai quali rimandano tali collegamenti non sono sotto il controllo di <strong>NOME AZINEDA<\/strong> a parte con la conseguenza che <strong>NOME AZINEDA<\/strong> non controlla n\u00e9 compie operazioni di monitoraggio su tali siti web, sui loro contenuti e sulle loro regole. <strong>NOME AZINEDA<\/strong> non \u00e8 pertanto responsabile del contenuto di tali siti esterni, n\u00e8 del funzionamento o di eventuali altri collegamenti in essi presenti o di eventuali aggiornamenti degli stessi, n\u00e9 del pari \u00e8 responsabile di eventuali pubblicazioni su web o di qualsiasi altra forma di trasmissione ricevuta da altri siti collegati.<\/p><p><strong>NOME AZINEDA<\/strong> pu\u00f2 fornire questi collegamenti solo per motivi di praticit\u00e0\/comodit\u00e0 dell\u2019utente.<\/p><h3>Limitazioni di responsabilit\u00e0<\/h3><p>L\u2019utente prende atto e comunque conviene che il proprio accesso al Sito e la navigazione sullo stesso sono interamente a suo rischio e sotto la sua esclusiva responsabilit\u00e0. L\u2019utente prende inoltre atto e comunque conviene che il Sito \u00e8 fornito \u201ccome \u00e8\u201d e \u201ccome disponibile\u201d e che potrebbe essere temporaneamente inaccessibile o comunque contenere difetti ovvero essere soggetto a sospensioni o a ritardi nell\u2019aggiornamento.<\/p><p><strong>NOME AZINEDA<\/strong> non sar\u00e0 responsabile di alcuna perdita o danno derivante o in qualunque modo collegato all\u2019uso o al funzionamento del Sito, ivi compresi \u2013 senza limitazione alcuna \u2013 danni per perdita di affari, perdita di utili, interruzione dell\u2019attivit\u00e0, perdita di informazioni commerciali e\/o qualsiasi altro tipo di perdita pecuniaria.<\/p><p>Nessuna responsabilit\u00e0 viene assunta da <strong>NOME AZINEDA<\/strong> in merito al contenuto di quanto pubblicato sul Sito ed all\u2019uso dello stesso contenuto da parte degli Utenti e di terzi, n\u00e9 in merito ad eventuali contaminazioni informatiche derivanti dall\u2019accesso al Sito, dalla connessione con lo stesso e dal download di contenuti. Pertanto, <strong>NOME AZINEDA<\/strong> non sar\u00e0 in alcun modo tenuta, per nessun titolo, a rispondere in ordine a danni, perdite, pregiudizi di alcun genere eventualmente subiti dagli Utenti, dai terzi e dai software dagli stessi utilizzati, a causa o in seguito alla connessione con il Sito o all\u2019utilizzo dei suoi contenuti.<\/p><p>Agli interessati sono riconosciuti i diritti di cui all\u2019articolo 7 del citato Codice, il cui testo \u00e8 integralmente riportato in calce alla presente informativa.<\/p><h3>Art. 7 Diritti dell\u2019interessato<\/h3><ol><li>L\u2019interessato ha diritto di ottenere la conferma dell\u2019esistenza o meno di dati personali che lo riguardano, anche se non ancora registrati, e la loro comunicazione in forma intelligibile.<\/li><li>L\u2019interessato ha diritto di ottenere l\u2019indicazione:<ul><li>dell\u2019origine dei dati personali;<\/li><li>delle finalit\u00e0 e modalit\u00e0 del trattamento;<\/li><li>della logica applicata in caso di trattamento effettuato con l\u2019ausilio di strumenti elettronici;<\/li><li>degli estremi identificativi del titolare, dei responsabili e del rappresentante designato ai sensi dell\u2019art.5 comma 2;<\/li><li>dei soggetti o delle categorie di soggetti ai quali i dati personali possono essere comunicati o che possono venirne a conoscenza in qualit\u00e0 di rappresentante designato nel territorio dello Stato, di responsabili o incaricati.<\/li><\/ul><\/li><li>L\u2019interessato ha diritto di ottenere:<ul><li>l\u2019aggiornamento, la rettificazione ovvero, quando vi ha interesse, l\u2019integrazione dei dati;<\/li><li>la cancellazione, la trasformazione in forma anonima o il blocco dei dati trattati in violazione di legge, compresi quelli di cui non \u00e8 necessaria la conservazione in relazione agli scopi per i quali i dati sono stati raccolti o successivamente trattati;<\/li><li>l\u2019attestazione che le operazioni di cui alle lettere a) e b) sono state portate a conoscenza, anche per quanto riguarda il loro contenuto, di coloro ai quali i dati sono stati comunicati o diffusi, eccettuato il caso in cui tale adempimento si rivela impossibile o comporta un impiego di mezzi manifestamente sproporzionato rispetto al diritto tutelato.<\/li><\/ul><\/li><li>L\u2019interessato ha diritto di opporsi, in tutto o in parte:<ul><li>per motivi legittimi al trattamento dei dati personali che lo riguardano, ancorch\u00e9 pertinenti allo scopo della raccolta;<\/li><li>al trattamento di dati personali che lo riguardano a fini di invio di materiale pubblicitario o di vendita diretta o per il compimento di ricerche di mercato o di comunicazione commerciale.<\/li><\/ul><\/li><\/ol>","_et_gb_content_width":"","footnotes":""},"class_list":["post-3281","page","type-page","status-publish","hentry"],"acf":[],"_links":{"self":[{"href":"https:\/\/hemerapharma.com\/en\/wp-json\/wp\/v2\/pages\/3281","targetHints":{"allow":["GET"]}}],"collection":[{"href":"https:\/\/hemerapharma.com\/en\/wp-json\/wp\/v2\/pages"}],"about":[{"href":"https:\/\/hemerapharma.com\/en\/wp-json\/wp\/v2\/types\/page"}],"author":[{"embeddable":true,"href":"https:\/\/hemerapharma.com\/en\/wp-json\/wp\/v2\/users\/1"}],"replies":[{"embeddable":true,"href":"https:\/\/hemerapharma.com\/en\/wp-json\/wp\/v2\/comments?post=3281"}],"version-history":[{"count":7,"href":"https:\/\/hemerapharma.com\/en\/wp-json\/wp\/v2\/pages\/3281\/revisions"}],"predecessor-version":[{"id":4093,"href":"https:\/\/hemerapharma.com\/en\/wp-json\/wp\/v2\/pages\/3281\/revisions\/4093"}],"wp:attachment":[{"href":"https:\/\/hemerapharma.com\/en\/wp-json\/wp\/v2\/media?parent=3281"}],"curies":[{"name":"wp","href":"https:\/\/api.w.org\/{rel}","templated":true}]}}